{"id":8540,"date":"2017-05-30T16:39:18","date_gmt":"2017-05-30T14:39:18","guid":{"rendered":"https:\/\/www.spiegels.de\/brand\/planning\/"},"modified":"2017-06-23T12:59:46","modified_gmt":"2017-06-23T10:59:46","slug":"planning","status":"publish","type":"page","link":"https:\/\/www.spiegels.de\/en\/brand\/planning\/","title":{"rendered":"Planning"},"content":{"rendered":"<div class=\"wpb-content-wrapper\"><p>[vc_row][vc_column][zp_vc_background predefined=&#8221;standard&#8221; css_animation=&#8221;fade-in&#8221; image=&#8221;7944&#8243; width=&#8221;2650&#8243; width_breakpoints=&#8221;%5B%7B%22width_format_breakpoint%22%3A%22px%22%7D%5D&#8221; maxwidth_breakpoints=&#8221;%5B%7B%22maxwidth_format_breakpoint%22%3A%22px%22%7D%5D&#8221; sizes_breakpoints=&#8221;%5B%7B%22width_format_breakpoint%22%3A%22px%22%2C%22maxwidth_format_breakpoint%22%3A%22px%22%7D%5D&#8221; css_breakpoints=&#8221;%5B%7B%7D%5D&#8221; responsive_offset=&#8221;vc_hidden-md vc_hidden-sm vc_hidden-xs&#8221;][\/vc_column][\/vc_row][vc_row][vc_column][zp_vc_space predefined=&#8221;standard&#8221; height=&#8221;380&#8243; breakpoints=&#8221;%5B%7B%22breakpoint%22%3A%221024%22%2C%22breakpoint_height%22%3A%22220%22%2C%22breakpoint_height_format%22%3A%22px%22%7D%2C%7B%22breakpoint%22%3A%22600%22%2C%22breakpoint_height%22%3A%22250%22%2C%22breakpoint_height_format%22%3A%22px%22%7D%5D&#8221; css_breakpoints=&#8221;%5B%7B%7D%5D&#8221;][\/vc_column][\/vc_row][vc_row][vc_column width=&#8221;2\/3&#8243; offset=&#8221;vc_col-lg-offset-6 vc_col-lg-5 vc_col-md-offset-6 vc_col-md-5 vc_col-sm-offset-2&#8243;][zp_vc_text predefined=&#8221;headline greater&#8221; tag=&#8221;h2&#8243; css_animation=&#8221;bottom-to-top&#8221; css_breakpoints=&#8221;%5B%7B%7D%5D&#8221;]<b>We are your\u00a0business partner!\u00a0<\/b>[\/zp_vc_text][zp_vc_text predefined=&#8221;standard&#8221; tag=&#8221;div&#8221; css_animation=&#8221;fade-in&#8221; css_breakpoints=&#8221;%5B%7B%7D%5D&#8221;]In order to develop tailor-made, individual solutions for <a href=\"https:\/\/www.spiegels.de\/en\/products\/executive-offices\/\">executive offices<\/a>\u00a0or <a href=\"https:\/\/www.spiegels.de\/en\/products\/conferencing\/\">conference rooms<\/a>, it is always important to capture a variety of aspects as sensitively as precisely. We need to understand the identity of the company, the creativity of the employees, and the personalities at the management level. These three points are fixed points for us. If they are defined, we can dock with them and connect our ideas with the wishes and thoughts of the customer to something completely new.[\/zp_vc_text][zp_vc_space predefined=&#8221;standard&#8221; height=&#8221;40&#8243; breakpoints=&#8221;%5B%7B%22breakpoint_height_format%22%3A%22px%22%7D%5D&#8221;][zp_vc_to_down_button predefined=&#8221;standard&#8221; css_animation=&#8221;fade-in&#8221; anchor=&#8221;anker&#8221; responsive_offset=&#8221;vc_col-lg-1 vc_col-md-1 vc_hidden-xs&#8221; css_breakpoints=&#8221;%5B%7B%7D%5D&#8221;][zp_vc_to_down_button predefined=&#8221;standard&#8221; align=&#8221;center&#8221; css_animation=&#8221;fade-in&#8221; anchor=&#8221;anker&#8221; responsive_offset=&#8221;vc_col-lg-1 vc_hidden-lg vc_col-md-1 vc_hidden-md vc_hidden-sm&#8221; css_breakpoints=&#8221;%5B%7B%7D%5D&#8221;][\/vc_column][\/vc_row][vc_row][vc_column offset=&#8221;vc_col-lg-offset-1 vc_col-lg-3 vc_col-md-3&#8243; css=&#8221;.vc_custom_1475980275263{margin-bottom: -100px !important;}&#8221;][zp_vc_space predefined=&#8221;standard&#8221; height=&#8221;160&#8243; breakpoints=&#8221;%5B%7B%22breakpoint%22%3A%22768%22%2C%22breakpoint_height%22%3A%220%22%2C%22breakpoint_height_format%22%3A%22px%22%7D%5D&#8221; id=&#8221;anker&#8221; css_breakpoints=&#8221;%5B%7B%7D%5D&#8221;][\/vc_column][\/vc_row][vc_row][vc_column css=&#8221;.vc_custom_1475980310146{margin-bottom: -250px !important;}&#8221;][zp_vc_image predefined=&#8221;standard&#8221; align=&#8221;center&#8221; css_animation=&#8221;fade-in&#8221; image=&#8221;7918&#8243; size=&#8221;image-full&#8221; css_breakpoints=&#8221;%5B%7B%7D%5D&#8221;][\/vc_column][\/vc_row][vc_row][vc_column offset=&#8221;vc_col-lg-offset-1 vc_col-lg-3 vc_col-md-3&#8243; css=&#8221;.vc_custom_1475980275263{margin-bottom: -100px !important;}&#8221;][zp_vc_space predefined=&#8221;standard&#8221; height=&#8221;350&#8243; breakpoints=&#8221;%5B%7B%22breakpoint%22%3A%221024%22%2C%22breakpoint_height%22%3A%22400%22%2C%22breakpoint_height_format%22%3A%22px%22%7D%2C%7B%22breakpoint%22%3A%22768%22%2C%22breakpoint_height%22%3A%22380%22%2C%22breakpoint_height_format%22%3A%22px%22%7D%5D&#8221; css_breakpoints=&#8221;%5B%7B%7D%5D&#8221;][\/vc_column][\/vc_row][vc_row][vc_column width=&#8221;1\/2&#8243; offset=&#8221;vc_col-lg-offset-6 vc_col-lg-3 vc_col-md-offset-6 vc_col-md-4 vc_col-sm-offset-2&#8243;][zp_vc_text predefined=&#8221;headline great&#8221; tag=&#8221;h1&#8243; css_animation=&#8221;bottom-to-top&#8221; css_breakpoints=&#8221;%5B%7B%7D%5D&#8221;]<b>Planning processes<\/b>[\/zp_vc_text][zp_vc_text predefined=&#8221;standard&#8221; tag=&#8221;div&#8221; css_animation=&#8221;fade-in&#8221; css_breakpoints=&#8221;%5B%7B%7D%5D&#8221;]The product development at home mirrors builds on a simple framework: to create solutions for optimal working atmosphere. Function, comfort and aesthetics &#8211; The perfect combination provides formal templates for our work.[\/zp_vc_text][zp_vc_space predefined=&#8221;standard&#8221; height=&#8221;36&#8243; breakpoints=&#8221;%5B%7B%22breakpoint_height_format%22%3A%22px%22%7D%5D&#8221;][zp_vc_text predefined=&#8221;standard&#8221; tag=&#8221;div&#8221; css_animation=&#8221;fade-in&#8221; css_breakpoints=&#8221;%5B%7B%7D%5D&#8221;]Every person is different. His personality is the sum of his experiences, his desires, his needs &#8211; and that is why it is only logical that every human being has exactly the right equipment. The art is to find them. There is something for that. With know-how, intuition and inspiration, we develop passable unique pieces.[\/zp_vc_text][\/vc_column][\/vc_row][vc_row][vc_column][zp_vc_space predefined=&#8221;standard&#8221; height=&#8221;36&#8243; breakpoints=&#8221;%5B%7B%22breakpoint_height_format%22%3A%22px%22%7D%5D&#8221;][\/vc_column][\/vc_row][vc_row][vc_column width=&#8221;1\/2&#8243; offset=&#8221;vc_col-lg-offset-6 vc_col-lg-3 vc_col-md-offset-6 vc_col-md-4 vc_col-sm-offset-2&#8243;][zp_vc_text predefined=&#8221;standard&#8221; tag=&#8221;div&#8221; css_animation=&#8221;fade-in&#8221; css_breakpoints=&#8221;%5B%7B%7D%5D&#8221;]To such a solution is always synonymous for us exclusivity. After all, we do not aspire to any rooms in which any chairs are placed, but our own personal results. Whether with our interior designers or with external experts and planners &#8211; together, we create spaces that are characterized by genuine individuality. We are accustomed to special wishes and modifications, and we have the knowledge, the equipment and the inspiration to implement them perfectly.[\/zp_vc_text][\/vc_column][\/vc_row][vc_row disable_element=&#8221;yes&#8221;][vc_column width=&#8221;1\/3&#8243; offset=&#8221;vc_col-lg-offset-3 vc_col-lg-4&#8243;][zp_vc_text predefined=&#8221;standard&#8221; tag=&#8221;div&#8221;]Zu so einer L\u00f6sung geh\u00f6rt f\u00fcr uns immer auch Exklusivit\u00e4t. Schlie\u00dflich streben wir keine R\u00e4ume an, in die beliebige St\u00fchle gestellt werden, sondern ganz eigene, pers\u00f6nliche Ergebnisse. Ob mit unseren Innenarchitekten oder mit externen Experten und Planern \u2013 gemeinsam lassen wir R\u00e4ume entstehen, die sich durch echte Individualit\u00e4t auszeichnen. Wir sind Sonderw\u00fcnsche und Modifikationen gewohnt, und wir haben das Wissen, die Ausr\u00fcstung und die Inspiration, um sie perfekt umzusetzen.<\/p>\n<p>[\/zp_vc_text][\/vc_column][vc_column width=&#8221;1\/3&#8243; offset=&#8221;vc_col-lg-2 vc_col-md-3&#8243;][zp_vc_image predefined=&#8221;standard&#8221; image=&#8221;369&#8243; size=&#8221;large&#8221; alt=&#8221;Heike Sommer&#8221;][zp_vc_text predefined=&#8221;standard&#8221; tag=&#8221;div&#8221;]<b>Heike Sommer<\/b><\/p>\n<p>Innenarchitektin<\/p>\n<p>[\/zp_vc_text][\/vc_column][vc_column width=&#8221;1\/3&#8243; offset=&#8221;vc_col-lg-2 vc_col-md-3&#8243;][zp_vc_image predefined=&#8221;standard&#8221; image=&#8221;373&#8243; size=&#8221;large&#8221; alt=&#8221;Robert Panzer&#8221;][zp_vc_text predefined=&#8221;standard&#8221; tag=&#8221;div&#8221;]<b>Robert Panzer<\/b><\/p>\n<p>Produktionsleiter<\/p>\n<p>[\/zp_vc_text][\/vc_column][\/vc_row][vc_row][vc_column][zp_vc_space predefined=&#8221;standard&#8221; height=&#8221;&#8221; breakpoints=&#8221;%5B%7B%22breakpoint%22%3A%221024%22%2C%22breakpoint_height%22%3A%22150%22%2C%22breakpoint_height_format%22%3A%22px%22%7D%2C%7B%22breakpoint%22%3A%22600%22%2C%22breakpoint_height%22%3A%2250%22%2C%22breakpoint_height_format%22%3A%22px%22%7D%5D&#8221; css_breakpoints=&#8221;%5B%7B%7D%5D&#8221;][zp_vc_text predefined=&#8221;headline big&#8221; tag=&#8221;h2&#8243; css_animation=&#8221;right-to-left&#8221; css_breakpoints=&#8221;%5B%7B%7D%5D&#8221;]<b>Individual<\/b><br \/>\n<b>conditions<\/b><br \/>\n<b>require<\/b> flexibility[\/zp_vc_text][\/vc_column][\/vc_row][vc_row][vc_column width=&#8221;3\/4&#8243; offset=&#8221;vc_col-lg-offset-4 vc_col-lg-4 vc_col-md-offset-3 vc_col-md-6 vc_col-sm-offset-3&#8243;][zp_vc_space predefined=&#8221;standard&#8221; height=&#8221;60&#8243; breakpoints=&#8221;%5B%7B%22breakpoint_height_format%22%3A%22px%22%7D%5D&#8221;][zp_vc_image predefined=&#8221;standard&#8221; align=&#8221;center&#8221; image=&#8221;866&#8243; size=&#8221;detail-slider-main&#8221;][zp_vc_text predefined=&#8221;standard&#8221; tag=&#8221;div&#8221; css_breakpoints=&#8221;%5B%7B%7D%5D&#8221;]<\/p>\n<p style=\"text-align: center;\">Conferencing\u00a0<a href=\"https:\/\/spiegels.de\/en\/product\/unit\/\"><b>.unit\u00a0<\/b><\/a><\/p>\n<p>[\/zp_vc_text][\/vc_column][\/vc_row][vc_row][vc_column][zp_vc_space predefined=&#8221;standard&#8221; height=&#8221;100&#8243; breakpoints=&#8221;%5B%7B%22breakpoint_height_format%22%3A%22px%22%7D%5D&#8221;][\/vc_column][\/vc_row]<\/p>\n<\/div>","protected":false},"excerpt":{"rendered":"<p>[vc_row][vc_column][zp_vc_background predefined=&#8221;standard&#8221; css_animation=&#8221;fade-in&#8221; image=&#8221;7944&#8243; width=&#8221;2650&#8243; width_breakpoints=&#8221;%5B%7B%22width_format_breakpoint%22%3A%22px%22%7D%5D&#8221; maxwidth_breakpoints=&#8221;%5B%7B%22maxwidth_format_breakpoint%22%3A%22px%22%7D%5D&#8221; sizes_breakpoints=&#8221;%5B%7B%22width_format_breakpoint%22%3A%22px%22%2C%22maxwidth_format_breakpoint%22%3A%22px%22%7D%5D&#8221; css_breakpoints=&#8221;%5B%7B%7D%5D&#8221; responsive_offset=&#8221;vc_hidden-md vc_hidden-sm vc_hidden-xs&#8221;][\/vc_column][\/vc_row][vc_row][vc_column][zp_vc_space predefined=&#8221;standard&#8221; height=&#8221;380&#8243; breakpoints=&#8221;%5B%7B%22breakpoint%22%3A%221024%22%2C%22breakpoint_height%22%3A%22220%22%2C%22breakpoint_height_format%22%3A%22px%22%7D%2C%7B%22breakpoint%22%3A%22600%22%2C%22breakpoint_height%22%3A%22250%22%2C%22breakpoint_height_format%22%3A%22px%22%7D%5D&#8221; css_breakpoints=&#8221;%5B%7B%7D%5D&#8221;][\/vc_column][\/vc_row][vc_row][vc_column width=&#8221;2\/3&#8243; offset=&#8221;vc_col-lg-offset-6 vc_col-lg-5 vc_col-md-offset-6 vc_col-md-5 vc_col-sm-offset-2&#8243;][zp_vc_text predefined=&#8221;headline greater&#8221; tag=&#8221;h2&#8243; css_animation=&#8221;bottom-to-top&#8221; css_breakpoints=&#8221;%5B%7B%7D%5D&#8221;]We are your\u00a0business partner!\u00a0[\/zp_vc_text][zp_vc_text predefined=&#8221;standard&#8221; tag=&#8221;div&#8221; css_animation=&#8221;fade-in&#8221; css_breakpoints=&#8221;%5B%7B%7D%5D&#8221;]In order to develop tailor-made, individual solutions for executive offices\u00a0or conference rooms, it is always important to capture a variety of aspects [&hellip;]<\/p>\n","protected":false},"author":2,"featured_media":0,"parent":8535,"menu_order":37,"comment_status":"closed","ping_status":"closed","template":"","meta":{"_acf_changed":false,"footnotes":""},"class_list":["post-8540","page","type-page","status-publish","hentry"],"acf":[],"yoast_head":"<!-- This site is optimized with the Yoast SEO plugin v26.3 - https:\/\/yoast.com\/wordpress\/plugins\/seo\/ -->\n<title>Planning &#183; Spiegels Vorschau<\/title>\n<meta name=\"robots\" content=\"index, follow, max-snippet:-1, max-image-preview:large, max-video-preview:-1\" \/>\n<link rel=\"canonical\" href=\"https:\/\/www.spiegels.de\/en\/brand\/planning\/\" \/>\n<meta property=\"og:locale\" content=\"en_US\" \/>\n<meta property=\"og:type\" content=\"article\" \/>\n<meta property=\"og:title\" content=\"Planning &#183; Spiegels Vorschau\" \/>\n<meta property=\"og:description\" content=\"[vc_row][vc_column][zp_vc_background predefined=&#8221;standard&#8221; css_animation=&#8221;fade-in&#8221; image=&#8221;7944&#8243; width=&#8221;2650&#8243; width_breakpoints=&#8221;%5B%7B%22width_format_breakpoint%22%3A%22px%22%7D%5D&#8221; maxwidth_breakpoints=&#8221;%5B%7B%22maxwidth_format_breakpoint%22%3A%22px%22%7D%5D&#8221; sizes_breakpoints=&#8221;%5B%7B%22width_format_breakpoint%22%3A%22px%22%2C%22maxwidth_format_breakpoint%22%3A%22px%22%7D%5D&#8221; css_breakpoints=&#8221;%5B%7B%7D%5D&#8221; responsive_offset=&#8221;vc_hidden-md vc_hidden-sm vc_hidden-xs&#8221;][\/vc_column][\/vc_row][vc_row][vc_column][zp_vc_space predefined=&#8221;standard&#8221; height=&#8221;380&#8243; breakpoints=&#8221;%5B%7B%22breakpoint%22%3A%221024%22%2C%22breakpoint_height%22%3A%22220%22%2C%22breakpoint_height_format%22%3A%22px%22%7D%2C%7B%22breakpoint%22%3A%22600%22%2C%22breakpoint_height%22%3A%22250%22%2C%22breakpoint_height_format%22%3A%22px%22%7D%5D&#8221; css_breakpoints=&#8221;%5B%7B%7D%5D&#8221;][\/vc_column][\/vc_row][vc_row][vc_column width=&#8221;2\/3&#8243; offset=&#8221;vc_col-lg-offset-6 vc_col-lg-5 vc_col-md-offset-6 vc_col-md-5 vc_col-sm-offset-2&#8243;][zp_vc_text predefined=&#8221;headline greater&#8221; tag=&#8221;h2&#8243; css_animation=&#8221;bottom-to-top&#8221; css_breakpoints=&#8221;%5B%7B%7D%5D&#8221;]We are your\u00a0business partner!\u00a0[\/zp_vc_text][zp_vc_text predefined=&#8221;standard&#8221; tag=&#8221;div&#8221; css_animation=&#8221;fade-in&#8221; css_breakpoints=&#8221;%5B%7B%7D%5D&#8221;]In order to develop tailor-made, individual solutions for executive offices\u00a0or conference rooms, it is always important to capture a variety of aspects [&hellip;]\" \/>\n<meta property=\"og:url\" content=\"https:\/\/www.spiegels.de\/en\/brand\/planning\/\" \/>\n<meta property=\"og:site_name\" content=\"Spiegels Vorschau\" \/>\n<meta property=\"article:modified_time\" content=\"2017-06-23T10:59:46+00:00\" \/>\n<meta property=\"og:image\" content=\"https:\/\/www.spiegels.de\/wp-content\/uploads\/2020\/05\/spiegels-og.png\" \/>\n\t<meta property=\"og:image:width\" content=\"1200\" \/>\n\t<meta property=\"og:image:height\" content=\"1200\" \/>\n\t<meta property=\"og:image:type\" content=\"image\/png\" \/>\n<meta name=\"twitter:card\" content=\"summary_large_image\" \/>\n<meta name=\"twitter:label1\" content=\"Est. reading time\" \/>\n\t<meta name=\"twitter:data1\" content=\"6 minutes\" \/>\n<script type=\"application\/ld+json\" class=\"yoast-schema-graph\">{\"@context\":\"https:\/\/schema.org\",\"@graph\":[{\"@type\":\"WebPage\",\"@id\":\"https:\/\/www.spiegels.de\/en\/brand\/planning\/\",\"url\":\"https:\/\/www.spiegels.de\/en\/brand\/planning\/\",\"name\":\"Planning &#183; Spiegels Vorschau\",\"isPartOf\":{\"@id\":\"https:\/\/www.spiegels.de\/en\/#website\"},\"datePublished\":\"2017-05-30T14:39:18+00:00\",\"dateModified\":\"2017-06-23T10:59:46+00:00\",\"breadcrumb\":{\"@id\":\"https:\/\/www.spiegels.de\/en\/brand\/planning\/#breadcrumb\"},\"inLanguage\":\"en-US\",\"potentialAction\":[{\"@type\":\"ReadAction\",\"target\":[\"https:\/\/www.spiegels.de\/en\/brand\/planning\/\"]}]},{\"@type\":\"BreadcrumbList\",\"@id\":\"https:\/\/www.spiegels.de\/en\/brand\/planning\/#breadcrumb\",\"itemListElement\":[{\"@type\":\"ListItem\",\"position\":1,\"name\":\"Startseite\",\"item\":\"https:\/\/www.spiegels.de\/en\/\"},{\"@type\":\"ListItem\",\"position\":2,\"name\":\"Brand\",\"item\":\"https:\/\/www.spiegels.de\/en\/brand\/\"},{\"@type\":\"ListItem\",\"position\":3,\"name\":\"Planning\"}]},{\"@type\":\"WebSite\",\"@id\":\"https:\/\/www.spiegels.de\/en\/#website\",\"url\":\"https:\/\/www.spiegels.de\/en\/\",\"name\":\"Spiegels Vorschau\",\"description\":\"Eine weitere WordPress-Website\",\"potentialAction\":[{\"@type\":\"SearchAction\",\"target\":{\"@type\":\"EntryPoint\",\"urlTemplate\":\"https:\/\/www.spiegels.de\/en\/?s={search_term_string}\"},\"query-input\":{\"@type\":\"PropertyValueSpecification\",\"valueRequired\":true,\"valueName\":\"search_term_string\"}}],\"inLanguage\":\"en-US\"}]}<\/script>\n<!-- \/ Yoast SEO plugin. -->","yoast_head_json":{"title":"Planning &#183; Spiegels Vorschau","robots":{"index":"index","follow":"follow","max-snippet":"max-snippet:-1","max-image-preview":"max-image-preview:large","max-video-preview":"max-video-preview:-1"},"canonical":"https:\/\/www.spiegels.de\/en\/brand\/planning\/","og_locale":"en_US","og_type":"article","og_title":"Planning &#183; Spiegels Vorschau","og_description":"[vc_row][vc_column][zp_vc_background predefined=&#8221;standard&#8221; css_animation=&#8221;fade-in&#8221; image=&#8221;7944&#8243; width=&#8221;2650&#8243; width_breakpoints=&#8221;%5B%7B%22width_format_breakpoint%22%3A%22px%22%7D%5D&#8221; maxwidth_breakpoints=&#8221;%5B%7B%22maxwidth_format_breakpoint%22%3A%22px%22%7D%5D&#8221; sizes_breakpoints=&#8221;%5B%7B%22width_format_breakpoint%22%3A%22px%22%2C%22maxwidth_format_breakpoint%22%3A%22px%22%7D%5D&#8221; css_breakpoints=&#8221;%5B%7B%7D%5D&#8221; responsive_offset=&#8221;vc_hidden-md vc_hidden-sm vc_hidden-xs&#8221;][\/vc_column][\/vc_row][vc_row][vc_column][zp_vc_space predefined=&#8221;standard&#8221; height=&#8221;380&#8243; breakpoints=&#8221;%5B%7B%22breakpoint%22%3A%221024%22%2C%22breakpoint_height%22%3A%22220%22%2C%22breakpoint_height_format%22%3A%22px%22%7D%2C%7B%22breakpoint%22%3A%22600%22%2C%22breakpoint_height%22%3A%22250%22%2C%22breakpoint_height_format%22%3A%22px%22%7D%5D&#8221; css_breakpoints=&#8221;%5B%7B%7D%5D&#8221;][\/vc_column][\/vc_row][vc_row][vc_column width=&#8221;2\/3&#8243; offset=&#8221;vc_col-lg-offset-6 vc_col-lg-5 vc_col-md-offset-6 vc_col-md-5 vc_col-sm-offset-2&#8243;][zp_vc_text predefined=&#8221;headline greater&#8221; tag=&#8221;h2&#8243; css_animation=&#8221;bottom-to-top&#8221; css_breakpoints=&#8221;%5B%7B%7D%5D&#8221;]We are your\u00a0business partner!\u00a0[\/zp_vc_text][zp_vc_text predefined=&#8221;standard&#8221; tag=&#8221;div&#8221; css_animation=&#8221;fade-in&#8221; css_breakpoints=&#8221;%5B%7B%7D%5D&#8221;]In order to develop tailor-made, individual solutions for executive offices\u00a0or conference rooms, it is always important to capture a variety of aspects [&hellip;]","og_url":"https:\/\/www.spiegels.de\/en\/brand\/planning\/","og_site_name":"Spiegels Vorschau","article_modified_time":"2017-06-23T10:59:46+00:00","og_image":[{"width":1200,"height":1200,"url":"https:\/\/www.spiegels.de\/wp-content\/uploads\/2020\/05\/spiegels-og.png","type":"image\/png"}],"twitter_card":"summary_large_image","twitter_misc":{"Est. reading time":"6 minutes"},"schema":{"@context":"https:\/\/schema.org","@graph":[{"@type":"WebPage","@id":"https:\/\/www.spiegels.de\/en\/brand\/planning\/","url":"https:\/\/www.spiegels.de\/en\/brand\/planning\/","name":"Planning &#183; Spiegels Vorschau","isPartOf":{"@id":"https:\/\/www.spiegels.de\/en\/#website"},"datePublished":"2017-05-30T14:39:18+00:00","dateModified":"2017-06-23T10:59:46+00:00","breadcrumb":{"@id":"https:\/\/www.spiegels.de\/en\/brand\/planning\/#breadcrumb"},"inLanguage":"en-US","potentialAction":[{"@type":"ReadAction","target":["https:\/\/www.spiegels.de\/en\/brand\/planning\/"]}]},{"@type":"BreadcrumbList","@id":"https:\/\/www.spiegels.de\/en\/brand\/planning\/#breadcrumb","itemListElement":[{"@type":"ListItem","position":1,"name":"Startseite","item":"https:\/\/www.spiegels.de\/en\/"},{"@type":"ListItem","position":2,"name":"Brand","item":"https:\/\/www.spiegels.de\/en\/brand\/"},{"@type":"ListItem","position":3,"name":"Planning"}]},{"@type":"WebSite","@id":"https:\/\/www.spiegels.de\/en\/#website","url":"https:\/\/www.spiegels.de\/en\/","name":"Spiegels Vorschau","description":"Eine weitere WordPress-Website","potentialAction":[{"@type":"SearchAction","target":{"@type":"EntryPoint","urlTemplate":"https:\/\/www.spiegels.de\/en\/?s={search_term_string}"},"query-input":{"@type":"PropertyValueSpecification","valueRequired":true,"valueName":"search_term_string"}}],"inLanguage":"en-US"}]}},"_links":{"self":[{"href":"https:\/\/www.spiegels.de\/en\/wp-json\/wp\/v2\/pages\/8540","targetHints":{"allow":["GET"]}}],"collection":[{"href":"https:\/\/www.spiegels.de\/en\/wp-json\/wp\/v2\/pages"}],"about":[{"href":"https:\/\/www.spiegels.de\/en\/wp-json\/wp\/v2\/types\/page"}],"author":[{"embeddable":true,"href":"https:\/\/www.spiegels.de\/en\/wp-json\/wp\/v2\/users\/2"}],"replies":[{"embeddable":true,"href":"https:\/\/www.spiegels.de\/en\/wp-json\/wp\/v2\/comments?post=8540"}],"version-history":[{"count":0,"href":"https:\/\/www.spiegels.de\/en\/wp-json\/wp\/v2\/pages\/8540\/revisions"}],"up":[{"embeddable":true,"href":"https:\/\/www.spiegels.de\/en\/wp-json\/wp\/v2\/pages\/8535"}],"wp:attachment":[{"href":"https:\/\/www.spiegels.de\/en\/wp-json\/wp\/v2\/media?parent=8540"}],"curies":[{"name":"wp","href":"https:\/\/api.w.org\/{rel}","templated":true}]}}